{"id":1493,"date":"2020-03-30T16:57:32","date_gmt":"2020-03-30T15:57:32","guid":{"rendered":"http:\/\/renafer.cd\/?page_id=1493"},"modified":"2020-04-09T20:10:11","modified_gmt":"2020-04-09T19:10:11","slug":"province-de-lequateur","status":"publish","type":"page","link":"https:\/\/renafer.cd\/index.php\/province-de-lequateur\/","title":{"rendered":"Province de l&rsquo;Equateur"},"content":{"rendered":"<p>[vc_row][vc_column css=\u00a0\u00bb.vc_custom_1586437363226{margin-top: -100px !important;}\u00a0\u00bb][vc_text_separator title=\u00a0\u00bbBUREAU PROVINCIAL DE L&rsquo;EQUATEUR\u00a0\u00bb color=\u00a0\u00bbgreen\u00a0\u00bb][\/vc_column][\/vc_row][vc_row][vc_column]<div class=\"sc_team sc_team_default\" data-slides-per-view=\"3\" data-slides-min-width=\"150\"\t\t>\n\t\t<div class=\"sc_team_columns sc_item_columns trx_addons_columns_wrap columns_padding_bottom\"><div class=\"trx_addons_column-1_3\"><div class=\"sc_team_item\">\n\t<div class=\"post_featured with_thumb hover_dots sc_team_item_thumb\"><\/div>\t<div class=\"sc_team_item_info\">\n\t\t<div class=\"sc_team_item_header\">\n\t\t\t<h4 class=\"sc_team_item_title\"><a href=\"https:\/\/renafer.cd\/index.php\/team\/clementine-sole\/\">Cl\u00e9mentine SOLE<\/a><\/h4>\n\t\t\t<div class=\"sc_team_item_subtitle\">Vice Pr\u00e9sidence<\/div>\n\t\t<\/div>\n\t\t<div class=\"sc_team_item_content\"><\/div>\n\t\t\t\t<\/div>\n<\/div>\n<\/div><div class=\"trx_addons_column-1_3\"><div class=\"sc_team_item\">\n\t<div class=\"post_featured with_thumb hover_dots sc_team_item_thumb\"><\/div>\t<div class=\"sc_team_item_info\">\n\t\t<div class=\"sc_team_item_header\">\n\t\t\t<h4 class=\"sc_team_item_title\"><a href=\"https:\/\/renafer.cd\/index.php\/team\/dostine-kilolo\/\">Dostine KILOLO<\/a><\/h4>\n\t\t\t<div class=\"sc_team_item_subtitle\"><\/div>\n\t\t<\/div>\n\t\t<div class=\"sc_team_item_content\"><\/div>\n\t\t\t\t<\/div>\n<\/div>\n<\/div><div class=\"trx_addons_column-1_3\"><div class=\"sc_team_item\">\n\t<div class=\"post_featured with_thumb hover_dots sc_team_item_thumb\"><img width=\"290\" height=\"180\" src=\"https:\/\/renafer.cd\/wp-content\/uploads\/2020\/04\/8-2.png\" class=\"attachment-save_life-thumb-med size-save_life-thumb-med wp-post-image\" alt=\"Elys\u00e9e MAFUKA SAMBA\" loading=\"lazy\" \/><div class=\"mask\"><\/div><a href=\"https:\/\/renafer.cd\/index.php\/team\/elysee-mafuka-samba\/\" aria-hidden=\"true\" class=\"icons\"><span><\/span><span><\/span><span><\/span><\/a><\/div>\t<div class=\"sc_team_item_info\">\n\t\t<div class=\"sc_team_item_header\">\n\t\t\t<h4 class=\"sc_team_item_title\"><a href=\"https:\/\/renafer.cd\/index.php\/team\/elysee-mafuka-samba\/\">Elys\u00e9e MAFUKA SAMBA<\/a><\/h4>\n\t\t\t<div class=\"sc_team_item_subtitle\">Vice-Pr\u00e9sidente Renafer Lualaba<\/div>\n\t\t<\/div>\n\t\t<div class=\"sc_team_item_content\"><\/div>\n\t\t\t\t<\/div>\n<\/div>\n<\/div><\/div><\/div><!-- \/.sc_team -->[\/vc_column][\/vc_row][vc_row][vc_column][vc_text_separator title=\u00a0\u00bbCONTACT BUREAU\u00a0\u00bb color=\u00a0\u00bbgreen\u00a0\u00bb][\/vc_column][\/vc_row][vc_row][vc_column][vc_column_text]Avenue&#8230;.<\/p>\n<p>&nbsp;[\/vc_column_text][\/vc_column][\/vc_row][vc_row][vc_column][vc_text_separator title=\u00a0\u00bbGALERIE PHOTO\u00a0\u00bb color=\u00a0\u00bbgreen\u00a0\u00bb][\/vc_column][\/vc_row][vc_row][vc_column][vc_gallery type=\u00a0\u00bbimage_grid\u00a0\u00bb images=\u00a0\u00bb1669,1670,1671,1672,1673,1674,1675,1676&Prime;][\/vc_column][\/vc_row][vc_row][vc_column][vc_text_separator title=\u00a0\u00bbACTUALIT\u00c9S RENAFER -EQUATEUR\u00a0\u00bb color=\u00a0\u00bbgreen\u00a0\u00bb][\/vc_column][\/vc_row][vc_row][vc_column]<div id=\"widget_recent_news_1177371281\" class=\"sc_recent_news sc_recent_news_style_news-magazine sc_recent_news_with_accented\"><div class=\"trx_addons_columns_wrap\"><div class=\"trx_addons_column-1_2\"><article\n\tclass=\"post_item post_layout_news-magazine post_format_standard post_accented_on post-116 post type-post status-publish format-standard has-post-thumbnail hentry category-actualite category-renafer-equateur tag-children tag-poverty\"\t\t>\n\n\t<div class=\"post_featured with_thumb hover_dots\"><img width=\"770\" height=\"433\" src=\"https:\/\/renafer.cd\/wp-content\/uploads\/2017\/01\/1-2-770x433.png\" class=\"attachment-save_life-thumb-big size-save_life-thumb-big wp-post-image\" alt=\"ASSEMBL\u00c9E \u00c9LECTIVE DU BUREAU PROVINCIAL DE L&rsquo;EQUATEUR DU 25 JANVIER 2020\" loading=\"lazy\" srcset=\"https:\/\/renafer.cd\/wp-content\/uploads\/2017\/01\/1-2-770x433.png 770w, https:\/\/renafer.cd\/wp-content\/uploads\/2017\/01\/1-2-480x270.png 480w\" sizes=\"(max-width: 770px) 100vw, 770px\" \/><div class=\"mask\"><\/div><a href=\"https:\/\/renafer.cd\/index.php\/2017\/01\/18\/focusing-on-child-care-is-the-priority-now-isnt-it\/\" aria-hidden=\"true\" class=\"icons\"><span><\/span><span><\/span><span><\/span><\/a><div class=\"post_info\"><span class=\"post_categories\"><a href=\"https:\/\/renafer.cd\/index.php\/category\/actualite\/\" title=\"View all posts in Actualit\u00e9\">Actualit\u00e9<\/a><a href=\"https:\/\/renafer.cd\/index.php\/category\/renafer-equateur\/\" title=\"View all posts in RENAFER-EQUATEUR\">RENAFER-EQUATEUR<\/a><\/span><\/div><\/div>\t\t<div class=\"post_header entry-header\">\n\t\t\t<h5 class=\"post_title entry-title\"><a href=\"https:\/\/renafer.cd\/index.php\/2017\/01\/18\/focusing-on-child-care-is-the-priority-now-isnt-it\/\" rel=\"bookmark\">ASSEMBL\u00c9E \u00c9LECTIVE DU BUREAU PROVINCIAL DE L&rsquo;EQUATEUR DU 25 JANVIER 2020<\/a><\/h5><div class=\"post_meta\"><span class=\"post_author\">admin3893<\/span><span class=\"post_date\"><a href=\"https:\/\/renafer.cd\/index.php\/2017\/01\/18\/focusing-on-child-care-is-the-priority-now-isnt-it\/\">18 janvier 2017<\/a><\/span><\/div>\t\t<\/div><!-- .entry-header -->\n\t\t\n\t\t<div class=\"post_content entry-content\">\n\t\t\t<p>L\u2019an deux mil vingt, le vingt-cinqui\u00e8me jour du mois de janvier, il a \u00e9t\u00e9 org ...\t\t<\/div><!-- .entry-content -->\n\t\t<\/article><\/div><\/div><!-- \/.columns_wrap --><\/div><!-- \/.sc_recent_news -->[\/vc_column][\/vc_row]<\/p>\n","protected":false},"excerpt":{"rendered":"<p>[vc_row][vc_column css=\u00a0\u00bb.vc_custom_1586437363226{margin-top: -100px !important;}\u00a0\u00bb][vc_text_separator title=\u00a0\u00bbBUREAU PROVINCIAL DE L&rsquo;EQUATEUR\u00a0\u00bb color=\u00a0\u00bbgreen\u00a0\u00bb][\/vc_column][\/vc_row][vc_row][vc_column][\/vc_column][\/vc_row][vc_row][vc_column][vc_text_separator title=\u00a0\u00bbCONTACT BUREAU\u00a0\u00bb color=\u00a0\u00bbgreen\u00a0\u00bb][\/vc_column][\/vc_row][vc_row][vc_column][vc_column_text]Avenue&#8230;. &nbsp;[\/vc_column_text][\/vc_column][\/vc_row][vc_row][vc_column][vc_text_separator title=\u00a0\u00bbGALERIE PHOTO\u00a0\u00bb color=\u00a0\u00bbgreen\u00a0\u00bb][\/vc_column][\/vc_row][vc_row][vc_column][vc_gallery type=\u00a0\u00bbimage_grid\u00a0\u00bb images=\u00a0\u00bb1669,1670,1671,1672,1673,1674,1675,1676&Prime;][\/vc_column][\/vc_row][vc_row][vc_column][vc_text_separator title=\u00a0\u00bbACTUALIT\u00c9S RENAFER -EQUATEUR\u00a0\u00bb color=\u00a0\u00bbgreen\u00a0\u00bb][\/vc_column][\/vc_row][vc_row][vc_column][\/vc_column][\/vc_row]<\/p>\n","protected":false},"author":1,"featured_media":0,"parent":0,"menu_order":0,"comment_status":"closed","ping_status":"closed","template":"","meta":[],"_links":{"self":[{"href":"https:\/\/renafer.cd\/index.php\/wp-json\/wp\/v2\/pages\/1493"}],"collection":[{"href":"https:\/\/renafer.cd\/index.php\/wp-json\/wp\/v2\/pages"}],"about":[{"href":"https:\/\/renafer.cd\/index.php\/wp-json\/wp\/v2\/types\/page"}],"author":[{"embeddable":true,"href":"https:\/\/renafer.cd\/index.php\/wp-json\/wp\/v2\/users\/1"}],"replies":[{"embeddable":true,"href":"https:\/\/renafer.cd\/index.php\/wp-json\/wp\/v2\/comments?post=1493"}],"version-history":[{"count":2,"href":"https:\/\/renafer.cd\/index.php\/wp-json\/wp\/v2\/pages\/1493\/revisions"}],"predecessor-version":[{"id":1677,"href":"https:\/\/renafer.cd\/index.php\/wp-json\/wp\/v2\/pages\/1493\/revisions\/1677"}],"wp:attachment":[{"href":"https:\/\/renafer.cd\/index.php\/wp-json\/wp\/v2\/media?parent=1493"}],"curies":[{"name":"wp","href":"https:\/\/api.w.org\/{rel}","templated":true}]}}