{"id":1485,"date":"2020-03-30T16:52:52","date_gmt":"2020-03-30T15:52:52","guid":{"rendered":"http:\/\/renafer.cd\/?page_id=1485"},"modified":"2020-04-09T19:52:03","modified_gmt":"2020-04-09T18:52:03","slug":"province-de-kinshasa","status":"publish","type":"page","link":"https:\/\/renafer.cd\/index.php\/province-de-kinshasa\/","title":{"rendered":"Province de Kinshasa"},"content":{"rendered":"<p>[vc_row][vc_column css=\u00a0\u00bb.vc_custom_1586437363226{margin-top: -100px !important;}\u00a0\u00bb][vc_text_separator title=\u00a0\u00bbBUREAU PROVINCIAL DE KINSHASA\u00a0\u00bb color=\u00a0\u00bbgreen\u00a0\u00bb][\/vc_column][\/vc_row][vc_row][vc_column]<div class=\"sc_team sc_team_default\" data-slides-per-view=\"3\" data-slides-min-width=\"150\"\t\t>\n\t\t<div class=\"sc_team_columns sc_item_columns trx_addons_columns_wrap columns_padding_bottom\"><div class=\"trx_addons_column-1_3\"><div class=\"sc_team_item\">\n\t<div class=\"post_featured with_thumb hover_dots sc_team_item_thumb\"><\/div>\t<div class=\"sc_team_item_info\">\n\t\t<div class=\"sc_team_item_header\">\n\t\t\t<h4 class=\"sc_team_item_title\"><a href=\"https:\/\/renafer.cd\/index.php\/team\/clementine-sole\/\">Cl\u00e9mentine SOLE<\/a><\/h4>\n\t\t\t<div class=\"sc_team_item_subtitle\">Vice Pr\u00e9sidence<\/div>\n\t\t<\/div>\n\t\t<div class=\"sc_team_item_content\"><\/div>\n\t\t\t\t<\/div>\n<\/div>\n<\/div><div class=\"trx_addons_column-1_3\"><div class=\"sc_team_item\">\n\t<div class=\"post_featured with_thumb hover_dots sc_team_item_thumb\"><\/div>\t<div class=\"sc_team_item_info\">\n\t\t<div class=\"sc_team_item_header\">\n\t\t\t<h4 class=\"sc_team_item_title\"><a href=\"https:\/\/renafer.cd\/index.php\/team\/dostine-kilolo\/\">Dostine KILOLO<\/a><\/h4>\n\t\t\t<div class=\"sc_team_item_subtitle\"><\/div>\n\t\t<\/div>\n\t\t<div class=\"sc_team_item_content\"><\/div>\n\t\t\t\t<\/div>\n<\/div>\n<\/div><div class=\"trx_addons_column-1_3\"><div class=\"sc_team_item\">\n\t<div class=\"post_featured with_thumb hover_dots sc_team_item_thumb\"><img width=\"290\" height=\"180\" src=\"https:\/\/renafer.cd\/wp-content\/uploads\/2020\/04\/8-2.png\" class=\"attachment-save_life-thumb-med size-save_life-thumb-med wp-post-image\" alt=\"Elys\u00e9e MAFUKA SAMBA\" loading=\"lazy\" \/><div class=\"mask\"><\/div><a href=\"https:\/\/renafer.cd\/index.php\/team\/elysee-mafuka-samba\/\" aria-hidden=\"true\" class=\"icons\"><span><\/span><span><\/span><span><\/span><\/a><\/div>\t<div class=\"sc_team_item_info\">\n\t\t<div class=\"sc_team_item_header\">\n\t\t\t<h4 class=\"sc_team_item_title\"><a href=\"https:\/\/renafer.cd\/index.php\/team\/elysee-mafuka-samba\/\">Elys\u00e9e MAFUKA SAMBA<\/a><\/h4>\n\t\t\t<div class=\"sc_team_item_subtitle\">Vice-Pr\u00e9sidente Renafer Lualaba<\/div>\n\t\t<\/div>\n\t\t<div class=\"sc_team_item_content\"><\/div>\n\t\t\t\t<\/div>\n<\/div>\n<\/div><\/div><\/div><!-- \/.sc_team -->[\/vc_column][\/vc_row][vc_row][vc_column][vc_text_separator title=\u00a0\u00bbCONTACT BUREAU\u00a0\u00bb color=\u00a0\u00bbgreen\u00a0\u00bb][\/vc_column][\/vc_row][vc_row][vc_column][vc_column_text]Avenue&#8230;.<\/p>\n<p>[\/vc_column_text][\/vc_column][\/vc_row][vc_row][vc_column][vc_text_separator title=\u00a0\u00bbGALERIE PHOTO\u00a0\u00bb color=\u00a0\u00bbgreen\u00a0\u00bb][\/vc_column][\/vc_row][vc_row][vc_column][vc_gallery type=\u00a0\u00bbimage_grid\u00a0\u00bb images=\u00a0\u00bb1364,1365,1366,1367,1360&Prime;][\/vc_column][\/vc_row][vc_row][vc_column][vc_text_separator title=\u00a0\u00bbACTUALIT\u00c9S RENAFER -KINSHASA \u00a0\u00bb color=\u00a0\u00bbgreen\u00a0\u00bb][\/vc_column][\/vc_row][vc_row][vc_column]<div id=\"widget_recent_news_1555304880\" class=\"sc_recent_news sc_recent_news_style_news-magazine sc_recent_news_with_accented\"><div class=\"trx_addons_columns_wrap\"><div class=\"trx_addons_column-1_3\"><article\n\tclass=\"post_item post_layout_news-magazine post_format_standard post_accented_on post-1527 post type-post status-publish format-standard has-post-thumbnail hentry category-actualite category-non-classe category-renafer-kinshasa\"\t\t>\n\n\t<div class=\"post_featured with_thumb hover_dots\"><img width=\"770\" height=\"433\" src=\"https:\/\/renafer.cd\/wp-content\/uploads\/2020\/03\/IMG_20200305_193118_4-770x433.jpg\" class=\"attachment-save_life-thumb-big size-save_life-thumb-big wp-post-image\" alt=\"Lancement officiel du troph\u00e9e de la femme du changement et d&rsquo;innovation organis\u00e9e par l&rsquo;h\u00f4tel de Ville de Kinshasa\" loading=\"lazy\" srcset=\"https:\/\/renafer.cd\/wp-content\/uploads\/2020\/03\/IMG_20200305_193118_4-770x433.jpg 770w, https:\/\/renafer.cd\/wp-content\/uploads\/2020\/03\/IMG_20200305_193118_4-480x270.jpg 480w\" sizes=\"(max-width: 770px) 100vw, 770px\" \/><div class=\"mask\"><\/div><a href=\"https:\/\/renafer.cd\/index.php\/2020\/03\/30\/lancement-officiel-du-trophee-de-la-femme-du-changement-et-dinnovation-organisee-par-lhotel-de-ville-de-kinshasa\/\" aria-hidden=\"true\" class=\"icons\"><span><\/span><span><\/span><span><\/span><\/a><div class=\"post_info\"><span class=\"post_categories\"><a href=\"https:\/\/renafer.cd\/index.php\/category\/actualite\/\" title=\"View all posts in Actualit\u00e9\">Actualit\u00e9<\/a><a href=\"https:\/\/renafer.cd\/index.php\/category\/non-classe\/\" title=\"View all posts in Non class\u00e9\">Non class\u00e9<\/a><a href=\"https:\/\/renafer.cd\/index.php\/category\/renafer-kinshasa\/\" title=\"View all posts in RENAFER-KINSHASA\">RENAFER-KINSHASA<\/a><\/span><\/div><\/div>\t\t<div class=\"post_header entry-header\">\n\t\t\t<h5 class=\"post_title entry-title\"><a href=\"https:\/\/renafer.cd\/index.php\/2020\/03\/30\/lancement-officiel-du-trophee-de-la-femme-du-changement-et-dinnovation-organisee-par-lhotel-de-ville-de-kinshasa\/\" rel=\"bookmark\">Lancement officiel du troph\u00e9e de la femme du changement et d&rsquo;innovation organis\u00e9e par l&rsquo;h\u00f4tel de Ville de Kinshasa<\/a><\/h5><div class=\"post_meta\"><span class=\"post_author\">admin3893<\/span><span class=\"post_date\"><a href=\"https:\/\/renafer.cd\/index.php\/2020\/03\/30\/lancement-officiel-du-trophee-de-la-femme-du-changement-et-dinnovation-organisee-par-lhotel-de-ville-de-kinshasa\/\">30 mars 2020<\/a><\/span><\/div>\t\t<\/div><!-- .entry-header -->\n\t\t\n\t\t<div class=\"post_content entry-content\">\n\t\t\t<p>La pr\u00e9sidente Nationale \u00e9tait pr\u00e9sente le jour du lancement officiel du troph ...\t\t<\/div><!-- .entry-content -->\n\t\t<\/article><\/div><div class=\"trx_addons_column-1_3\"><article\n\tclass=\"post_item post_layout_news-magazine post_format_standard post_accented_on post-125 post type-post status-publish format-standard has-post-thumbnail hentry category-actualite category-non-classe category-renafer-kinshasa tag-belgique tag-renafer\"\t\t>\n\n\t<div class=\"post_featured with_thumb hover_dots\"><img width=\"770\" height=\"433\" src=\"https:\/\/renafer.cd\/wp-content\/uploads\/2017\/01\/IMG_20200306_175455_8-770x433.jpg\" class=\"attachment-save_life-thumb-big size-save_life-thumb-big wp-post-image\" alt=\"Participation de la Pr\u00e9sidente Nationale \u00e0 la conf\u00e9rence d\u00e9bat organis\u00e9 par l&rsquo;ambassade de Belgique le 6 mars 2020\" loading=\"lazy\" srcset=\"https:\/\/renafer.cd\/wp-content\/uploads\/2017\/01\/IMG_20200306_175455_8-770x433.jpg 770w, https:\/\/renafer.cd\/wp-content\/uploads\/2017\/01\/IMG_20200306_175455_8-480x270.jpg 480w\" sizes=\"(max-width: 770px) 100vw, 770px\" \/><div class=\"mask\"><\/div><a href=\"https:\/\/renafer.cd\/index.php\/2017\/01\/18\/food-depot-celebrates-30th-anniversary-with-fundraiser\/\" aria-hidden=\"true\" class=\"icons\"><span><\/span><span><\/span><span><\/span><\/a><div class=\"post_info\"><span class=\"post_categories\"><a href=\"https:\/\/renafer.cd\/index.php\/category\/actualite\/\" title=\"View all posts in Actualit\u00e9\">Actualit\u00e9<\/a><a href=\"https:\/\/renafer.cd\/index.php\/category\/non-classe\/\" title=\"View all posts in Non class\u00e9\">Non class\u00e9<\/a><a href=\"https:\/\/renafer.cd\/index.php\/category\/renafer-kinshasa\/\" title=\"View all posts in RENAFER-KINSHASA\">RENAFER-KINSHASA<\/a><\/span><\/div><\/div>\t\t<div class=\"post_header entry-header\">\n\t\t\t<h5 class=\"post_title entry-title\"><a href=\"https:\/\/renafer.cd\/index.php\/2017\/01\/18\/food-depot-celebrates-30th-anniversary-with-fundraiser\/\" rel=\"bookmark\">Participation de la Pr\u00e9sidente Nationale \u00e0 la conf\u00e9rence d\u00e9bat organis\u00e9 par l&rsquo;ambassade de Belgique le 6 mars 2020<\/a><\/h5><div class=\"post_meta\"><span class=\"post_author\">admin3893<\/span><span class=\"post_date\"><a href=\"https:\/\/renafer.cd\/index.php\/2017\/01\/18\/food-depot-celebrates-30th-anniversary-with-fundraiser\/\">18 janvier 2017<\/a><\/span><\/div>\t\t<\/div><!-- .entry-header -->\n\t\t\n\t\t<div class=\"post_content entry-content\">\n\t\t\t<p>conf\u00e9rence d\u00e9bat organis\u00e9 par l&rsquo;ambassade de Belgique le 6 mars 2020 La ...\t\t<\/div><!-- .entry-content -->\n\t\t<\/article><\/div><div class=\"trx_addons_column-1_3\"><article\n\tclass=\"post_item post_layout_news-magazine post_format_standard post_accented_on post-200 post type-post status-publish format-standard has-post-thumbnail hentry category-actualite category-renafer-kinshasa tag-election-renafer tag-kinshasa-renafer tag-renafer\"\t\t>\n\n\t<div class=\"post_featured with_thumb hover_dots\"><img width=\"770\" height=\"433\" src=\"https:\/\/renafer.cd\/wp-content\/uploads\/2016\/08\/2-1-770x433.jpg\" class=\"attachment-save_life-thumb-big size-save_life-thumb-big wp-post-image\" alt=\"MISE EN PLACE DU COMITE  PROVINCIALE DU R\u00c9SEAU DES FEMMES RURALES DE KINSHASA- RDC.\" loading=\"lazy\" srcset=\"https:\/\/renafer.cd\/wp-content\/uploads\/2016\/08\/2-1-770x433.jpg 770w, https:\/\/renafer.cd\/wp-content\/uploads\/2016\/08\/2-1-480x270.jpg 480w\" sizes=\"(max-width: 770px) 100vw, 770px\" \/><div class=\"mask\"><\/div><a href=\"https:\/\/renafer.cd\/index.php\/2016\/08\/22\/our-land-our-climate-our-future\/\" aria-hidden=\"true\" class=\"icons\"><span><\/span><span><\/span><span><\/span><\/a><div class=\"post_info\"><span class=\"post_categories\"><a href=\"https:\/\/renafer.cd\/index.php\/category\/actualite\/\" title=\"View all posts in Actualit\u00e9\">Actualit\u00e9<\/a><a href=\"https:\/\/renafer.cd\/index.php\/category\/renafer-kinshasa\/\" title=\"View all posts in RENAFER-KINSHASA\">RENAFER-KINSHASA<\/a><\/span><\/div><\/div>\t\t<div class=\"post_header entry-header\">\n\t\t\t<h5 class=\"post_title entry-title\"><a href=\"https:\/\/renafer.cd\/index.php\/2016\/08\/22\/our-land-our-climate-our-future\/\" rel=\"bookmark\">MISE EN PLACE DU COMITE  PROVINCIALE DU R\u00c9SEAU DES FEMMES RURALES DE KINSHASA- RDC.<\/a><\/h5><div class=\"post_meta\"><span class=\"post_author\">admin3893<\/span><span class=\"post_date\"><a href=\"https:\/\/renafer.cd\/index.php\/2016\/08\/22\/our-land-our-climate-our-future\/\">22 ao\u00fbt 2016<\/a><\/span><\/div>\t\t<\/div><!-- .entry-header -->\n\t\t\n\t\t<div class=\"post_content entry-content\">\n\t\t\t<p>\u00c9LECTION PROVINCE DE KINSHASA 191 associations identifi\u00e9es 129 femmes membres ...\t\t<\/div><!-- .entry-content -->\n\t\t<\/article><\/div><\/div><!-- \/.columns_wrap --><\/div><!-- \/.sc_recent_news -->[\/vc_column][\/vc_row]<\/p>\n","protected":false},"excerpt":{"rendered":"<p>[vc_row][vc_column css=\u00a0\u00bb.vc_custom_1586437363226{margin-top: -100px !important;}\u00a0\u00bb][vc_text_separator title=\u00a0\u00bbBUREAU PROVINCIAL DE KINSHASA\u00a0\u00bb color=\u00a0\u00bbgreen\u00a0\u00bb][\/vc_column][\/vc_row][vc_row][vc_column][\/vc_column][\/vc_row][vc_row][vc_column][vc_text_separator title=\u00a0\u00bbCONTACT BUREAU\u00a0\u00bb color=\u00a0\u00bbgreen\u00a0\u00bb][\/vc_column][\/vc_row][vc_row][vc_column][vc_column_text]Avenue&#8230;. [\/vc_column_text][\/vc_column][\/vc_row][vc_row][vc_column][vc_text_separator title=\u00a0\u00bbGALERIE PHOTO\u00a0\u00bb color=\u00a0\u00bbgreen\u00a0\u00bb][\/vc_column][\/vc_row][vc_row][vc_column][vc_gallery type=\u00a0\u00bbimage_grid\u00a0\u00bb images=\u00a0\u00bb1364,1365,1366,1367,1360&Prime;][\/vc_column][\/vc_row][vc_row][vc_column][vc_text_separator title=\u00a0\u00bbACTUALIT\u00c9S RENAFER -KINSHASA \u00a0\u00bb color=\u00a0\u00bbgreen\u00a0\u00bb][\/vc_column][\/vc_row][vc_row][vc_column][\/vc_column][\/vc_row]<\/p>\n","protected":false},"author":1,"featured_media":0,"parent":0,"menu_order":0,"comment_status":"closed","ping_status":"closed","template":"","meta":[],"_links":{"self":[{"href":"https:\/\/renafer.cd\/index.php\/wp-json\/wp\/v2\/pages\/1485"}],"collection":[{"href":"https:\/\/renafer.cd\/index.php\/wp-json\/wp\/v2\/pages"}],"about":[{"href":"https:\/\/renafer.cd\/index.php\/wp-json\/wp\/v2\/types\/page"}],"author":[{"embeddable":true,"href":"https:\/\/renafer.cd\/index.php\/wp-json\/wp\/v2\/users\/1"}],"replies":[{"embeddable":true,"href":"https:\/\/renafer.cd\/index.php\/wp-json\/wp\/v2\/comments?post=1485"}],"version-history":[{"count":5,"href":"https:\/\/renafer.cd\/index.php\/wp-json\/wp\/v2\/pages\/1485\/revisions"}],"predecessor-version":[{"id":1662,"href":"https:\/\/renafer.cd\/index.php\/wp-json\/wp\/v2\/pages\/1485\/revisions\/1662"}],"wp:attachment":[{"href":"https:\/\/renafer.cd\/index.php\/wp-json\/wp\/v2\/media?parent=1485"}],"curies":[{"name":"wp","href":"https:\/\/api.w.org\/{rel}","templated":true}]}}